{"id":818,"date":"2020-03-13T13:52:46","date_gmt":"2020-03-13T13:52:46","guid":{"rendered":"https:\/\/www.bajrak.info\/na-kontaktoni\/"},"modified":"2020-12-17T17:23:02","modified_gmt":"2020-12-17T17:23:02","slug":"na-kontaktoni","status":"publish","type":"page","link":"https:\/\/www.bajrak.info\/sq\/na-kontaktoni\/","title":{"rendered":"Na kontaktoni"},"content":{"rendered":"<div class=\"wpforms-container wpforms-container-full wpforms-block\" id=\"wpforms-827\"><form id=\"wpforms-form-827\" class=\"wpforms-validate wpforms-form\" data-formid=\"827\" method=\"post\" enctype=\"multipart\/form-data\" action=\"\/sq\/wp-json\/wp\/v2\/pages\/818\" data-token=\"dc8329a56ce275e900de04b94d08736b\" data-token-time=\"1776589245\"><noscript class=\"wpforms-error-noscript\">Please enable JavaScript in your browser to complete this form.<\/noscript><div class=\"wpforms-field-container\"><div id=\"wpforms-827-field_0-container\" class=\"wpforms-field wpforms-field-name\" data-field-id=\"0\"><label class=\"wpforms-field-label\">Emri dhe mbiemri <span class=\"wpforms-required-label\">*<\/span><\/label><div class=\"wpforms-field-row wpforms-field-medium\"><div class=\"wpforms-field-row-block wpforms-first wpforms-one-half\"><input type=\"text\" id=\"wpforms-827-field_0\" class=\"wpforms-field-name-first wpforms-field-required\" name=\"wpforms[fields][0][first]\" required><label for=\"wpforms-827-field_0\" class=\"wpforms-field-sublabel after\">Emri<\/label><\/div><div class=\"wpforms-field-row-block wpforms-one-half\"><input type=\"text\" id=\"wpforms-827-field_0-last\" class=\"wpforms-field-name-last wpforms-field-required\" name=\"wpforms[fields][0][last]\" required><label for=\"wpforms-827-field_0-last\" class=\"wpforms-field-sublabel after\">Mbiemri<\/label><\/div><\/div><\/div><div id=\"wpforms-827-field_1-container\" class=\"wpforms-field wpforms-field-email\" data-field-id=\"1\"><label class=\"wpforms-field-label\" for=\"wpforms-827-field_1\">Email <span class=\"wpforms-required-label\">*<\/span><\/label><input type=\"email\" id=\"wpforms-827-field_1\" class=\"wpforms-field-medium wpforms-field-required\" name=\"wpforms[fields][1]\" spellcheck=\"false\" required><\/div><div id=\"wpforms-827-field_3-container\" class=\"wpforms-field wpforms-field-number\" data-field-id=\"3\"><label class=\"wpforms-field-label\" for=\"wpforms-827-field_3\">Numri i telefonit celular <span class=\"wpforms-required-label\">*<\/span><\/label><input type=\"number\" id=\"wpforms-827-field_3\" class=\"wpforms-field-medium wpforms-field-required\" name=\"wpforms[fields][3]\" step=\"any\" required><\/div><div id=\"wpforms-827-field_2-container\" class=\"wpforms-field wpforms-field-textarea\" data-field-id=\"2\"><label class=\"wpforms-field-label\" for=\"wpforms-827-field_2\">Koment ose mesazh <span class=\"wpforms-required-label\">*<\/span><\/label><textarea id=\"wpforms-827-field_2\" class=\"wpforms-field-medium wpforms-field-required\" name=\"wpforms[fields][2]\" required><\/textarea><\/div><div id=\"wpforms-827-field_4-container\" class=\"wpforms-field wpforms-field-checkbox\" data-field-id=\"4\"><label class=\"wpforms-field-label\">Caselle di Spunta <span class=\"wpforms-required-label\">*<\/span><\/label><ul id=\"wpforms-827-field_4\" class=\"wpforms-field-required\"><li class=\"choice-1 depth-1\"><input type=\"checkbox\" id=\"wpforms-827-field_4_1\" name=\"wpforms[fields][4][]\" value=\"Un\u00eb pranoj termat dhe kushtet e p\u00ebrcaktuara n\u00eb &lt;a href=&quot;\/sq\/privacy-e-cookie\/&quot;&gt;Politik\u00ebn e Privat\u00ebsis\u00eb *&lt;\/a&gt;\" required ><label class=\"wpforms-field-label-inline\" for=\"wpforms-827-field_4_1\">Un\u00eb pranoj termat dhe kushtet e p\u00ebrcaktuara n\u00eb <a href=\"\/sq\/privacy-e-cookie\/\">Politik\u00ebn e Privat\u00ebsis\u00eb *<\/a><\/label><\/li><\/ul><\/div><\/div><!-- .wpforms-field-container --><div class=\"wpforms-field wpforms-field-hp\"><label for=\"wpforms-827-field-hp\" class=\"wpforms-field-label\">Website<\/label><input type=\"text\" name=\"wpforms[hp]\" id=\"wpforms-827-field-hp\" class=\"wpforms-field-medium\"><\/div><div class=\"wpforms-recaptcha-container wpforms-is-recaptcha wpforms-is-recaptcha-type-v2\" ><div class=\"g-recaptcha\" data-sitekey=\"6LcWjBAaAAAAAABBodjSkOjcJuz73AdT4taBZ__F\"><\/div><input type=\"text\" name=\"g-recaptcha-hidden\" class=\"wpforms-recaptcha-hidden\" style=\"position:absolute!important;clip:rect(0,0,0,0)!important;height:1px!important;width:1px!important;border:0!important;overflow:hidden!important;padding:0!important;margin:0!important;\" data-rule-recaptcha=\"1\"><\/div><div class=\"wpforms-submit-container\" ><input type=\"hidden\" name=\"wpforms[id]\" value=\"827\"><input type=\"hidden\" name=\"page_title\" value=\"\"><input type=\"hidden\" name=\"page_url\" value=\"https:\/\/www.bajrak.info\/sq\/wp-json\/wp\/v2\/pages\/818\"><input type=\"hidden\" name=\"url_referer\" value=\"\"><button type=\"submit\" name=\"wpforms[submit]\" id=\"wpforms-submit-827\" class=\"wpforms-submit\" data-alt-text=\"Invio in corso...\" data-submit-text=\"D\u00ebrgoni\" aria-live=\"assertive\" value=\"wpforms-submit\">D\u00ebrgoni<\/button><\/div><\/form><\/div>  <!-- .wpforms-container -->\n\n\n<blockquote class=\"wp-block-quote is-layout-flow wp-block-quote-is-layout-flow\"><p> Dovremmo riempire il cuore di gentilezza, la bocca di educazione, le mani di accoglienza e la testa di buoni libri.<\/p><p> Forse solo cos\u00ec potremmo tornare a essere umani.<\/p><cite> Fabrizio Caramagna <\/cite><\/blockquote>\n","protected":false},"excerpt":{"rendered":"<p>Dovremmo riempire il cuore di gentilezza, la bocca di educazione, le mani di accoglienza e la testa di buoni libri. Forse solo cos\u00ec potremmo tornare a essere umani. Fabrizio Caramagna<\/p>\n","protected":false},"author":1,"featured_media":0,"parent":0,"menu_order":0,"comment_status":"closed","ping_status":"closed","template":"","meta":{"advanced_seo_description":"","jetpack_seo_html_title":"","jetpack_seo_noindex":false,"jetpack_post_was_ever_published":false,"footnotes":""},"class_list":["post-818","page","type-page","status-publish","hentry"],"jetpack_shortlink":"https:\/\/wp.me\/PaTA3x-dc","jetpack_sharing_enabled":true,"jetpack_likes_enabled":true,"_links":{"self":[{"href":"https:\/\/www.bajrak.info\/sq\/wp-json\/wp\/v2\/pages\/818","targetHints":{"allow":["GET"]}}],"collection":[{"href":"https:\/\/www.bajrak.info\/sq\/wp-json\/wp\/v2\/pages"}],"about":[{"href":"https:\/\/www.bajrak.info\/sq\/wp-json\/wp\/v2\/types\/page"}],"author":[{"embeddable":true,"href":"https:\/\/www.bajrak.info\/sq\/wp-json\/wp\/v2\/users\/1"}],"replies":[{"embeddable":true,"href":"https:\/\/www.bajrak.info\/sq\/wp-json\/wp\/v2\/comments?post=818"}],"version-history":[{"count":2,"href":"https:\/\/www.bajrak.info\/sq\/wp-json\/wp\/v2\/pages\/818\/revisions"}],"predecessor-version":[{"id":830,"href":"https:\/\/www.bajrak.info\/sq\/wp-json\/wp\/v2\/pages\/818\/revisions\/830"}],"wp:attachment":[{"href":"https:\/\/www.bajrak.info\/sq\/wp-json\/wp\/v2\/media?parent=818"}],"curies":[{"name":"wp","href":"https:\/\/api.w.org\/{rel}","templated":true}]}}